{"id":13,"date":"2010-12-10T11:46:01","date_gmt":"2010-12-10T10:46:01","guid":{"rendered":"https:\/\/www.gimobageriet.se\/?page_id=13"},"modified":"2014-04-08T09:52:16","modified_gmt":"2014-04-08T08:52:16","slug":"om-foretaget","status":"publish","type":"page","link":"https:\/\/www.gimobageriet.se\/","title":{"rendered":"V\u00c4LKOMMEN TILL GIMOBAGERIET.se"},"content":{"rendered":"<p style=\"text-align: center;\">P\u00e5 <strong>Gimobageriet<\/strong> har vi haft gl\u00e4djen att arbeta med att f\u00f6rse lokala organisationer och verksamheter med f\u00e4rskt, lokalt bakat br\u00f6d och konditoriprodukter ur <strong>svensk<\/strong> och <strong>italiensk bakkultur<\/strong> sedan 1989.<\/p>\n<p>Vi har en djupg\u00e5ende <strong>gl\u00e4dje<\/strong> och <strong>passion<\/strong> f\u00f6r bakning och vi \u00e4r stolta \u00f6ver att varje dag kunna leverera <strong>uts\u00f6kta<\/strong> <strong>produkter<\/strong> av h\u00f6g kvalit\u00e9 som bara sm\u00e5skalig bakning kan garantera.<\/p>\n<p>&nbsp;<\/p>\n","protected":false},"excerpt":{"rendered":"<p>P\u00e5 Gimobageriet har vi haft gl\u00e4djen att arbeta med att f\u00f6rse lokala organisationer och verksamheter med f\u00e4rskt, lokalt bakat br\u00f6d och konditoriprodukter ur svensk och italiensk bakkultur sedan 1989. Vi har en djupg\u00e5ende gl\u00e4dje och passion f\u00f6r bakning och vi \u00e4r stolta \u00f6ver att varje dag kunna leverera uts\u00f6kta produkter av h\u00f6g kvalit\u00e9 som bara [&hellip;]<\/p>\n","protected":false},"author":1,"featured_media":0,"parent":0,"menu_order":9,"comment_status":"closed","ping_status":"closed","template":"","meta":{"_exactmetrics_skip_tracking":false,"_exactmetrics_sitenote_active":false,"_exactmetrics_sitenote_note":"","_exactmetrics_sitenote_category":0,"footnotes":""},"class_list":["post-13","page","type-page","status-publish","hentry"],"_links":{"self":[{"href":"https:\/\/www.gimobageriet.se\/index.php\/wp-json\/wp\/v2\/pages\/13","targetHints":{"allow":["GET"]}}],"collection":[{"href":"https:\/\/www.gimobageriet.se\/index.php\/wp-json\/wp\/v2\/pages"}],"about":[{"href":"https:\/\/www.gimobageriet.se\/index.php\/wp-json\/wp\/v2\/types\/page"}],"author":[{"embeddable":true,"href":"https:\/\/www.gimobageriet.se\/index.php\/wp-json\/wp\/v2\/users\/1"}],"replies":[{"embeddable":true,"href":"https:\/\/www.gimobageriet.se\/index.php\/wp-json\/wp\/v2\/comments?post=13"}],"version-history":[{"count":27,"href":"https:\/\/www.gimobageriet.se\/index.php\/wp-json\/wp\/v2\/pages\/13\/revisions"}],"predecessor-version":[{"id":346,"href":"https:\/\/www.gimobageriet.se\/index.php\/wp-json\/wp\/v2\/pages\/13\/revisions\/346"}],"wp:attachment":[{"href":"https:\/\/www.gimobageriet.se\/index.php\/wp-json\/wp\/v2\/media?parent=13"}],"curies":[{"name":"wp","href":"https:\/\/api.w.org\/{rel}","templated":true}]}}