{"id":15,"date":"2010-12-10T11:46:12","date_gmt":"2010-12-10T10:46:12","guid":{"rendered":"https:\/\/www.gimobageriet.se\/?page_id=15"},"modified":"2014-04-22T10:37:23","modified_gmt":"2014-04-22T09:37:23","slug":"kunder","status":"publish","type":"page","link":"https:\/\/www.gimobageriet.se\/index.php\/kunder\/","title":{"rendered":"V\u00e5ra kunder"},"content":{"rendered":"<p><img decoding=\"async\" loading=\"lazy\" class=\"alignright size-full wp-image-297\" style=\"margin: 5px;\" alt=\"7\" src=\"https:\/\/www.gimobageriet.se\/wp-content\/uploads\/2010\/12\/7.png\" width=\"500\" height=\"500\" srcset=\"https:\/\/www.gimobageriet.se\/wp-content\/uploads\/2010\/12\/7.png 500w, https:\/\/www.gimobageriet.se\/wp-content\/uploads\/2010\/12\/7-150x150.png 150w, https:\/\/www.gimobageriet.se\/wp-content\/uploads\/2010\/12\/7-300x300.png 300w\" sizes=\"(max-width: 500px) 100vw, 500px\" \/><\/p>\n<h3 style=\"text-align: left;\">V\u00c5RA KU<span style=\"font-family: Bitter, Georgia, serif; font-size: 22px; line-height: 1.3;\">NDER<\/span><\/h3>\n<p style=\"text-align: justify;\"><span style=\"line-height: 1.5;\">Vi \u00e4r stolta \u00f6ver v\u00e5ra kunder.<\/span><\/p>\n<p style=\"text-align: justify;\"><span style=\"line-height: 1.5;\">Vi har \u00e4ran att varje dag leverera till en rad f\u00f6retag, organisationer, matbutiker, resturanger, caf\u00e9er och hotell.<\/span><\/p>\n<p><img decoding=\"async\" loading=\"lazy\" class=\"size-full wp-image-324 alignleft\" style=\"margin: 10px 20px;\" alt=\"fika\" src=\"https:\/\/www.gimobageriet.se\/wp-content\/uploads\/2010\/12\/fika.jpg\" width=\"238\" height=\"500\" \/><\/p>\n<p><span style=\"text-align: justify;\">V\u00e5ra kunder omfattar idag bland andra:<\/span><\/p>\n<p style=\"text-align: justify; padding-bottom: 300px;\">Compass Group AB<br \/>\nSodexo<br \/>\nICA<br \/>\nCoop Nord<br \/>\nUme\u00e5 universitet<br \/>\nNyhlens Hugosons<br \/>\nUme\u00e5 Kommun<\/p>\n","protected":false},"excerpt":{"rendered":"<p>V\u00c5RA KUNDER Vi \u00e4r stolta \u00f6ver v\u00e5ra kunder. Vi har \u00e4ran att varje dag leverera till en rad f\u00f6retag, organisationer, matbutiker, resturanger, caf\u00e9er och hotell. V\u00e5ra kunder omfattar idag bland andra: Compass Group AB Sodexo ICA Coop Nord Ume\u00e5 universitet Nyhlens Hugosons Ume\u00e5 Kommun<\/p>\n","protected":false},"author":1,"featured_media":0,"parent":0,"menu_order":20,"comment_status":"closed","ping_status":"open","template":"secondarypages.php","meta":{"_mi_skip_tracking":false},"_links":{"self":[{"href":"https:\/\/www.gimobageriet.se\/index.php\/wp-json\/wp\/v2\/pages\/15"}],"collection":[{"href":"https:\/\/www.gimobageriet.se\/index.php\/wp-json\/wp\/v2\/pages"}],"about":[{"href":"https:\/\/www.gimobageriet.se\/index.php\/wp-json\/wp\/v2\/types\/page"}],"author":[{"embeddable":true,"href":"https:\/\/www.gimobageriet.se\/index.php\/wp-json\/wp\/v2\/users\/1"}],"replies":[{"embeddable":true,"href":"https:\/\/www.gimobageriet.se\/index.php\/wp-json\/wp\/v2\/comments?post=15"}],"version-history":[{"count":36,"href":"https:\/\/www.gimobageriet.se\/index.php\/wp-json\/wp\/v2\/pages\/15\/revisions"}],"predecessor-version":[{"id":357,"href":"https:\/\/www.gimobageriet.se\/index.php\/wp-json\/wp\/v2\/pages\/15\/revisions\/357"}],"wp:attachment":[{"href":"https:\/\/www.gimobageriet.se\/index.php\/wp-json\/wp\/v2\/media?parent=15"}],"curies":[{"name":"wp","href":"https:\/\/api.w.org\/{rel}","templated":true}]}}