{"id":158,"date":"2014-02-26T13:07:50","date_gmt":"2014-02-26T12:07:50","guid":{"rendered":"https:\/\/www.gimobageriet.se\/?page_id=158"},"modified":"2023-01-23T14:36:48","modified_gmt":"2023-01-23T13:36:48","slug":"om-oss","status":"publish","type":"page","link":"https:\/\/www.gimobageriet.se\/index.php\/om-oss\/","title":{"rendered":"Om oss"},"content":{"rendered":"<h3 style=\"text-align: justify; padding-left: 30px;\"><img loading=\"lazy\" decoding=\"async\" class=\"alignright size-full wp-image-186\" style=\"border: 20px solid white; margin: 0 25px;\" src=\"https:\/\/www.gimobageriet.se\/wp-content\/uploads\/2014\/03\/300.jpg\" alt=\"Bakning\" width=\"337\" height=\"676\" srcset=\"https:\/\/www.gimobageriet.se\/wp-content\/uploads\/2014\/03\/300.jpg 450w, https:\/\/www.gimobageriet.se\/wp-content\/uploads\/2014\/03\/300-149x300.jpg 149w\" sizes=\"auto, (max-width: 337px) 100vw, 337px\" \/>V\u00c5R HISTORIA<\/h3>\n<p style=\"padding-left: 30px;\"><strong><em>Gimobageriet grundades 1990 av Alfio Arcidiacono och hans fru Ann-Katrin.<\/em><\/strong><\/p>\n<p style=\"padding-left: 30px;\">Alfio kom fr\u00e5n Italien till Sverige 1969 med tv\u00e5 tomma fickor och ett bagage fylld med mat- och br\u00f6dkultur.\u00a0 Det mest omtyckta br\u00f6det av norrl\u00e4nningar p\u00e5 den tiden var sirapslimpan, vilket inte riktigt var ett br\u00f6d som f\u00f6ll Alfio i smaken. D\u00e4rf\u00f6r b\u00f6rjade Alfio baka ett br\u00f6d som han var van vid hemifr\u00e5n Italien. Ett surdegsbr\u00f6d som han valde att kalla &#8221;italienskt lantbr\u00f6d&#8221;. Man kan allts\u00e5 s\u00e4ga att Alfio var lite f\u00f6re sin tid n\u00e4r det g\u00e4llde att baka br\u00f6d med surdeg, n\u00e5got som \u00e4r v\u00e4ldigt trendigt idag. Italienskt lantbr\u00f6d \u00e4r n\u00e5got som \u00e4n idag \u00e4r omtyckt i v\u00e5rt sortiment.<\/p>\n<p style=\"padding-left: 30px;\">Nu har det g\u00e5tt m\u00e5nga trevliga och l\u00e4rorika \u00e5r, trenderna f\u00f6r\u00e4ndras och sj\u00e4lvklart f\u00f6ljer vi utvecklingen. Idag har vi som leveransbageri ett brett sortiment med h\u00f6g kvalitet och service som vi \u00e4r stolta \u00f6ver.<\/p>\n<p style=\"padding-left: 30px;\">Redan fr\u00e5n b\u00f6rjan har Gimobageriet g\u00e5tt bra. Det beror till stor del av att vi varit lyh\u00f6rda och lyssnat till v\u00e5ra kunders \u00f6nskem\u00e5l. Fortfarande s\u00e5 driver v\u00e5rt lilla team Alfio, sonen Rosario och Viola Nygren bageriet p\u00e5 samma s\u00e4tt och med samma inst\u00e4llning som n\u00e4r bageriet startade. Vi lyssnar p\u00e5 v\u00e5ra kunder och g\u00f6r allt vi kan f\u00f6r att de ska vara n\u00f6jda med v\u00e5ra produkter.<\/p>\n<p style=\"padding-left: 30px; text-align: left;\">V\u00e5ra m\u00e5l och prioriteringar \u00e4r som de alltid varit: <strong><em>Lyssna p\u00e5 kunderna, Efterstr\u00e4va h\u00f6gsta kvalitet, F\u00f6rstklassiga r\u00e5varor, B\u00e4sta servicen, \u00c4rlighet och P\u00e5litlighet<\/em><\/strong><\/p>\n<p><i>\u00a0<\/i><\/p>\n","protected":false},"excerpt":{"rendered":"<p>V\u00c5R HISTORIA Gimobageriet grundades 1990 av Alfio Arcidiacono och hans fru Ann-Katrin. Alfio kom fr\u00e5n Italien till Sverige 1969 med tv\u00e5 tomma fickor och ett bagage fylld med mat- och br\u00f6dkultur.\u00a0 Det mest omtyckta br\u00f6det av norrl\u00e4nningar p\u00e5 den tiden var sirapslimpan, vilket inte riktigt var ett br\u00f6d som f\u00f6ll Alfio i smaken. D\u00e4rf\u00f6r b\u00f6rjade [&hellip;]<\/p>\n","protected":false},"author":1,"featured_media":0,"parent":0,"menu_order":0,"comment_status":"closed","ping_status":"open","template":"secondarypages.php","meta":{"_exactmetrics_skip_tracking":false,"_exactmetrics_sitenote_active":false,"_exactmetrics_sitenote_note":"","_exactmetrics_sitenote_category":0,"footnotes":""},"class_list":["post-158","page","type-page","status-publish","hentry"],"_links":{"self":[{"href":"https:\/\/www.gimobageriet.se\/index.php\/wp-json\/wp\/v2\/pages\/158","targetHints":{"allow":["GET"]}}],"collection":[{"href":"https:\/\/www.gimobageriet.se\/index.php\/wp-json\/wp\/v2\/pages"}],"about":[{"href":"https:\/\/www.gimobageriet.se\/index.php\/wp-json\/wp\/v2\/types\/page"}],"author":[{"embeddable":true,"href":"https:\/\/www.gimobageriet.se\/index.php\/wp-json\/wp\/v2\/users\/1"}],"replies":[{"embeddable":true,"href":"https:\/\/www.gimobageriet.se\/index.php\/wp-json\/wp\/v2\/comments?post=158"}],"version-history":[{"count":28,"href":"https:\/\/www.gimobageriet.se\/index.php\/wp-json\/wp\/v2\/pages\/158\/revisions"}],"predecessor-version":[{"id":410,"href":"https:\/\/www.gimobageriet.se\/index.php\/wp-json\/wp\/v2\/pages\/158\/revisions\/410"}],"wp:attachment":[{"href":"https:\/\/www.gimobageriet.se\/index.php\/wp-json\/wp\/v2\/media?parent=158"}],"curies":[{"name":"wp","href":"https:\/\/api.w.org\/{rel}","templated":true}]}}