{"id":8,"date":"2010-12-10T11:45:12","date_gmt":"2010-12-10T10:45:12","guid":{"rendered":"https:\/\/www.gimobageriet.se\/?page_id=8"},"modified":"2024-10-09T17:39:30","modified_gmt":"2024-10-09T16:39:30","slug":"produkter","status":"publish","type":"page","link":"https:\/\/www.gimobageriet.se\/index.php\/produkter\/","title":{"rendered":"V\u00e5ra Produkter"},"content":{"rendered":"<p><a href=\"https:\/\/www.gimobageriet.se\/wp-content\/uploads\/2010\/12\/6_v2.png\"><img loading=\"lazy\" decoding=\"async\" class=\"alignright wp-image-389 size-full\" style=\"margin: 5px;\" src=\"https:\/\/www.gimobageriet.se\/wp-content\/uploads\/2010\/12\/6_v2.png\" alt=\"\" width=\"500\" height=\"500\" srcset=\"https:\/\/www.gimobageriet.se\/wp-content\/uploads\/2010\/12\/6_v2.png 500w, https:\/\/www.gimobageriet.se\/wp-content\/uploads\/2010\/12\/6_v2-150x150.png 150w, https:\/\/www.gimobageriet.se\/wp-content\/uploads\/2010\/12\/6_v2-300x300.png 300w\" sizes=\"auto, (max-width: 500px) 100vw, 500px\" \/><\/a><\/p>\n<h3>V\u00c5RT SORTIMENT<\/h3>\n<p>Vi har ett stort sortiment av matbr\u00f6d, sm\u00e5br\u00f6d, kaffebr\u00f6d och konditoriprodukter. Vi anv\u00e4nder r\u00e5varor av h\u00f6gsta kvalitet och bakar med k\u00e4rlek. Vi \u00e4r alltid mycket noga med att varje produkt skall uppfylla v\u00e5ra h\u00f6ga krav p\u00e5 kvalit\u00e9 och smakupplevelse.<\/p>\n<p>V\u00e5ra kunder \u00e4r s\u00e4rskilt f\u00f6rtjusta i Lantbr\u00f6d, Russinbr\u00e4ck, Tekaka, Sm\u00e5franska och k\u00e4llarfranska som \u00e4r n\u00e5gra av v\u00e5ra mest popul\u00e4ra produkter.<\/p>\n<p style=\"padding-left: 30px;\"><img loading=\"lazy\" decoding=\"async\" class=\"alignleft  wp-image-231\" src=\"https:\/\/www.gimobageriet.se\/wp-content\/uploads\/2014\/03\/5-300x300.png\" alt=\"5\" width=\"300\" height=\"300\" srcset=\"https:\/\/www.gimobageriet.se\/wp-content\/uploads\/2014\/03\/5-300x300.png 300w, https:\/\/www.gimobageriet.se\/wp-content\/uploads\/2014\/03\/5-150x150.png 150w, https:\/\/www.gimobageriet.se\/wp-content\/uploads\/2014\/03\/5.png 500w\" sizes=\"auto, (max-width: 300px) 100vw, 300px\" \/><\/p>\n<p>Vi \u00e4r v\u00e4lk\u00e4nda f\u00f6r v\u00e5rt fina surdegsbr\u00f6d som vi bakar med anor ur den italienska traditionen.<\/p>\n<p>Klicka nedan och fyll i v\u00e5rt kontaktformul\u00e4r s\u00e5 skickar vi inom kort en .pdf med v\u00e5rt fulla sortiment.<\/p>\n<p><a title=\"Kontakta oss Nu!\" href=\"https:\/\/www.gimobageriet.se\/index.php\/kontakta-oss\/\">Klicka h\u00e4r nu &#8211;&gt;<\/a><\/p>\n<p><a href=\"https:\/\/www.gimobageriet.se\/index.php\/bildbank\/\">Bildbank &#8211;&gt;<\/a><\/p>\n","protected":false},"excerpt":{"rendered":"<p>V\u00c5RT SORTIMENT Vi har ett stort sortiment av matbr\u00f6d, sm\u00e5br\u00f6d, kaffebr\u00f6d och konditoriprodukter. Vi anv\u00e4nder r\u00e5varor av h\u00f6gsta kvalitet och bakar med k\u00e4rlek. Vi \u00e4r alltid mycket noga med att varje produkt skall uppfylla v\u00e5ra h\u00f6ga krav p\u00e5 kvalit\u00e9 och smakupplevelse. V\u00e5ra kunder \u00e4r s\u00e4rskilt f\u00f6rtjusta i Lantbr\u00f6d, Russinbr\u00e4ck, Tekaka, Sm\u00e5franska och k\u00e4llarfranska som \u00e4r [&hellip;]<\/p>\n","protected":false},"author":1,"featured_media":0,"parent":0,"menu_order":10,"comment_status":"closed","ping_status":"closed","template":"secondarypages.php","meta":{"_exactmetrics_skip_tracking":false,"_exactmetrics_sitenote_active":false,"_exactmetrics_sitenote_note":"","_exactmetrics_sitenote_category":0,"footnotes":""},"class_list":["post-8","page","type-page","status-publish","hentry"],"_links":{"self":[{"href":"https:\/\/www.gimobageriet.se\/index.php\/wp-json\/wp\/v2\/pages\/8","targetHints":{"allow":["GET"]}}],"collection":[{"href":"https:\/\/www.gimobageriet.se\/index.php\/wp-json\/wp\/v2\/pages"}],"about":[{"href":"https:\/\/www.gimobageriet.se\/index.php\/wp-json\/wp\/v2\/types\/page"}],"author":[{"embeddable":true,"href":"https:\/\/www.gimobageriet.se\/index.php\/wp-json\/wp\/v2\/users\/1"}],"replies":[{"embeddable":true,"href":"https:\/\/www.gimobageriet.se\/index.php\/wp-json\/wp\/v2\/comments?post=8"}],"version-history":[{"count":42,"href":"https:\/\/www.gimobageriet.se\/index.php\/wp-json\/wp\/v2\/pages\/8\/revisions"}],"predecessor-version":[{"id":421,"href":"https:\/\/www.gimobageriet.se\/index.php\/wp-json\/wp\/v2\/pages\/8\/revisions\/421"}],"wp:attachment":[{"href":"https:\/\/www.gimobageriet.se\/index.php\/wp-json\/wp\/v2\/media?parent=8"}],"curies":[{"name":"wp","href":"https:\/\/api.w.org\/{rel}","templated":true}]}}